{"id":3,"date":"2021-04-09T10:43:15","date_gmt":"2021-04-09T08:43:15","guid":{"rendered":"https:\/\/www.ifatture.com\/it\/?page_id=3"},"modified":"2022-02-01T12:04:49","modified_gmt":"2022-02-01T11:04:49","slug":"privacy-policy","status":"publish","type":"page","link":"https:\/\/www.ifatture.com\/it\/privacy-policy\/","title":{"rendered":"Privacy policy"},"content":{"rendered":"\t\t<div data-elementor-type=\"wp-page\" data-elementor-id=\"3\" class=\"elementor elementor-3\">\n\t\t\t\t\t\t\t\t\t<section class=\"elementor-section elementor-top-section elementor-element elementor-element-57d0455f elementor-section-boxed elementor-section-height-default elementor-section-height-default\" data-id=\"57d0455f\" data-element_type=\"section\">\n\t\t\t\t\t\t<div class=\"elementor-container elementor-column-gap-default\">\n\t\t\t\t\t<div class=\"elementor-column elementor-col-100 elementor-top-column elementor-element elementor-element-499b3ba1\" data-id=\"499b3ba1\" data-element_type=\"column\">\n\t\t\t<div class=\"elementor-widget-wrap elementor-element-populated\">\n\t\t\t\t\t\t\t\t<div class=\"elementor-element elementor-element-7cba2128 elementor-widget elementor-widget-text-editor\" data-id=\"7cba2128\" data-element_type=\"widget\" data-widget_type=\"text-editor.default\">\n\t\t\t\t<div class=\"elementor-widget-container\">\n\t\t\t\t\t\t\t<!-- wp:heading -->\n<p>Questa pagina ha lo scopo di descrivere le modalit\u00e0 di gestione del sito in riferimento al trattamento dei dati personali degli utenti visitatori che lo consultano. Si tratta di un&#8217;informativa resa ai sensi degli art. 13 e 14 del nuovo Regolamento Europeo (UE) 2016\/679 noto come GDPR &#8211; Codice in materia di protezione dei dati personali a coloro che si collegano al sito web aziendale www.ifatture.com (di seguito \u201cSito Web\u201d) accedendo per via telematica ai servizi web. L&#8217;informativa \u00e8 resa per il Sito Web e non anche per altri siti web eventualmente consultati dall&#8217;utente tramite link. L&#8217;informativa si ispira anche alla direttiva 2009\/136\/CE, che ha introdotto nuove norme in materia di cookies, ed alla Raccomandazione n. 2\/2001 adottata dalle autorit\u00e0 europee per la protezione dei dati personali per individuare alcuni requisiti minimi per la raccolta di dati personali on-line, e, in particolare, le modalit\u00e0, i tempi e la natura delle informazioni che i titolari del trattamento devono fornire agli utenti quando questi si collegano a pagine web, indipendentemente dagli scopi del collegamento.<\/p>\n<h4>Il &#8220;titolare&#8221; del trattamento<\/h4>\n<p>A seguito della consultazione del Sito Web possono essere trattati dati relativi a persone identificate o identificabili. Titolare del loro trattamento \u00e8 la societ\u00e0 IngegnArt s.a.ss.<\/p>\n<h4>Luogo di trattamento dei dati<\/h4>\n<p>I trattamenti connessi ai servizi del Sito Web sito hanno luogo presso la predetta sede della societ\u00e0 IngegnArt e sono curati solo da personale incaricato del trattamento, oppure da eventuali incaricati di occasionali operazioni di manutenzione. I dati derivanti dal servizio web potranno essere comunicati ai partner tecnologici e strumentali di cui il Titolare si avvale per l&#8217;erogazione dei servizi richiesti dagli utenti visitatori.<\/p>\n<h4>Tipi di dati trattati<\/h4>\n<ul>\n<li><strong>Dati di navigazione<\/strong>\u00a0I sistemi informatici e le procedure software preposte al funzionamento del Sito Web acquisiscono, nel corso del loro normale esercizio, alcuni dati personali la cui trasmissione \u00e8 implicita nell&#8217;uso dei protocolli di comunicazione di Internet. Si tratta di informazioni che non sono raccolte per essere associate a interessati identificati, ma che per loro stessa natura potrebbero, attraverso elaborazioni ed associazioni con dati detenuti da terzi, permettere di identificare i computer che si connettono al sito. In questa categoria di dati rientrano gli indirizzi IP o i nomi a dominio dei computer utilizzati dagli utenti che si connettono al Sito Web, gli indirizzi in dotazione URI (Uniform Resource Identifier) delle risorse richieste, l&#8217;orario della richiesta, il metodo utilizzato nel sottoporre la richiesta al server, la dimensione del file ottenuto in risposta, il codice numerico indicante lo stato della risposta data dal server (buon fine, errore, ecc.) ed altri parametri relativi al sistema operativo e all\u2019ambiente informatico dell&#8217;utente. Questi dati potrebbero essere utilizzati al solo fine di ricavare informazioni statistiche anonime sull&#8217;uso del Sito Web e per controllarne il corretto funzionamento. I dati potrebbero essere utilizzati per l&#8217;accertamento di responsabilit\u00e0 in caso di ipotetici reati informatici ai danni del sito web.<\/li>\n<li><strong>Dati forniti volontariamente dagli utenti visitatori<\/strong>\u00a0L&#8217;invio facoltativo, esplicito e volontario di dati personali per accedere a determinati servizi, ovvero per effettuare richieste di informazioni agli indirizzi indicati sul Sito Web comporta la successiva acquisizione dei dati personali inseriti nella richiesta del mittente, necessari per rispondere alle stesse. Specifiche informative di sintesi verranno progressivamente riportate o visualizzate nelle pagine del sito predisposte per particolari servizi a richiesta.<\/li>\n<\/ul>\n<h4>Modalit\u00e0 di utilizzo dei dati raccolti<\/h4>\n<ul>\n<li><strong>Cookies<\/strong>\u00a0I cookies sono file che possono venire salvati sul computer dell\u2019utente (o altri dispositivi abilitati alla navigazione su internet, per esempio smartphone o tablet) quando esso visita il Sito Web. Il Sito Web utilizza cookies di sessione e persistenti al fine di offrire un servizio pi\u00f9 efficiente. L&#8217;uso di tali cookies \u00e8 strettamente limitato alla trasmissione di identificativi di sessione (costituiti da numeri casuali generati dal server) necessari per consentire di fornire i servizi e le funzioni dei Siti Web in modo completo. I cookies utilizzati nel Sito Web evitano il ricorso ad altre tecniche informatiche potenzialmente pregiudizievoli per la riservatezza della navigazione degli utenti e non consentono l&#8217;acquisizione di dati direttamente identificativi dell&#8217;utente. Gli interessati che non volessero i cookies in questione potranno cancellarli dopo la navigazione semplicemente andando nelle impostazioni privacy del proprio browser di navigazione e selezionando l\u2019opzione di eliminazione dei cookies.<\/li>\n<li><strong>Cookies inseriti a fini di analisi aggregata delle visite al sito<\/strong>\u00a0La societ\u00e0 IngegnArt si avvale di strumenti di analisi aggregata dei dati di navigazione che consentono di migliorare i Siti Web (Google Analytics). In particolare, Google Analytics, sistema messo a disposizione da Google Inc., utilizza dei cookies che vengono depositati sul computer dell\u2019utente allo scopo di consentire al gestore del Sito Web di analizzare come gli utenti utilizzano il sito stesso. Le informazioni generate dal cookie sull&#8217;utilizzo del Sito Web da parte dell\u2019utente (compreso l\u2019indirizzo IP anonimizzato togliendo alcune cifre) verranno trasmesse e depositate presso i server di Google negli Stati Uniti. Google utilizzer\u00e0 queste informazioni allo scopo di tracciare e esaminare l\u2019utilizzo dei Sito Web da parte dell\u2019utente, compilare report sulle attivit\u00e0 del Sito Web per gli operatori degli stessi e fornire altri servizi relativi alle attivit\u00e0 del Sito Web e all&#8217;utilizzo di Internet. Gli utenti che non volessero i cookies in questione potranno impedirne la memorizzazione sul proprio computer attraverso l\u2019apposito \u201cComponente aggiuntivo del browser per la disattivazione di Google Analytics\u201d messo a disposizione da Google all\u2019indirizzo https:\/\/tools.google.com\/dlpage\/gaoptout. Per attivare il componente che inibisce il sistema di invio di informazioni sulla visita dell\u2019utente, sar\u00e0 sufficiente installarlo seguendo le istruzioni sullo schermo, chiudere e riaprire il browser.<\/li>\n<li><strong>Cookies inseriti per pubblicare annunci basati sugli interessi<\/strong>\u00a0Il Sito Web potrebbe utilizzare cookie di terze parti per pubblicare inserzioni definite in base agli interessi degli utenti. Queste informazioni sono raccolte durante la navigazione dell\u2019utente e non vengono in alcun modo collegate all\u2019account con il quale l\u2019utente accede ai Siti Web. In particolare, Google Adwords di Google Inc. utilizza i dati di navigazione, all\u2019interno del proprio circuito di pubblicit\u00e0 on line, per proporre annunci maggiormente attinenti agli interessi dell\u2019utente. La societ\u00e0 IngegnArt sfrutta questa tecnologia e utilizza i dati di navigazione all\u2019interno del Sito Web di sua propriet\u00e0 per proporre all\u2019utente pubblicit\u00e0 mirate basate sugli interessi. L\u2019utente pu\u00f2 disattivare, in parte o completamente, l\u2019utilizzo dei cookie da parte di Google Adwords visitando le pagine https:\/\/www.google.it\/ads\/preferences e https:\/\/www.google.it\/settings\/ads\/onweb. Pi\u00f9 in generale, ciascun browser permette all\u2019utente la disattivazione dei cookie di terze parti volti a permettere una pubblicit\u00e0 on line basata sugli interessi dell\u2019utente. Per esempio, nel caso del browser Firefox la disattivazione dei cookies in questione potr\u00e0 essere effettuata seguendo le istruzioni alla pagina http:\/\/support.mozilla.org\/it\/kb\/Disattivare-cookie-di-terze-parti. Nel caso di Internet Explorer le istruzioni sulla disattivazione dei cookies di terze parti sono riportate al seguente link http:\/\/support.microsoft.com\/kb\/283185\/it.<\/li>\n<\/ul>\n<h4>Come disabilitare i cookies<\/h4>\n<p>La maggioranza dei browser internet sono inizialmente impostati per accettare i cookies in modo automatico. L\u2019utente pu\u00f2 modificare queste impostazioni per bloccare i cookies o per avvertire che dei cookies vengono mandati al dispositivo dell\u2019utente medesimo. Esistono vari modi per gestire i cookies. L\u2019utente pu\u00f2 fare riferimento al manuale d\u2019istruzioni o alla schermata di aiuto del suo browser per scoprire come regolare o modificare le impostazioni del suo browser. In caso di dispositivi diversi (per esempio, computer, smartphone, tablet, ecc.), l\u2019utente dovr\u00e0 assicurarsi che ciascun browser su ciascun dispositivo sia regolato per riflettere le proprie preferenze relative ai cookies.<\/p>\n<h4>Modalit\u00e0 del trattamento<\/h4>\n<p>I dati personali sono trattati con strumenti automatizzati per il tempo strettamente necessario a conseguire gli scopi per cui sono stati raccolti. Specifiche misure di sicurezza sono osservate per prevenire la perdita dei dati, usi illeciti o non corretti ed accessi non autorizzati. La societ\u00e0 IngegnArt, per ridurre al minimo i rischi afferenti la riservatezza, la disponibilit\u00e0 e l&#8217;integrit\u00e0 dei dati personali raccolti e trattati ha adottato tutte le misure minime di sicurezza previste dalla legge.<\/p>\n<h4>Diritti degli interessati<\/h4>\n<p>I soggetti cui si riferiscono i dati personali hanno il diritto in qualunque momento di ottenere la conferma dell&#8217;esistenza o meno dei medesimi dati e di conoscerne il contenuto e l&#8217;origine, verificarne l&#8217;esattezza o chiederne l&#8217;integrazione o l&#8217;aggiornamento, oppure la rettificazione (art. 15, 16 e 17 del nuovo Regolamento Europeo (UE) 2016\/679 noto come GDPR). Ai sensi del medesimo articolo si ha il diritto di chiedere la cancellazione, la trasformazione in forma anonima o il blocco dei dati trattati in violazione di legge, nonch\u00e9 di opporsi in ogni caso, per motivi legittimi, al loro trattamento. Le richieste vanno rivolte a IngegnArt s.a.s. in qualit\u00e0 di Titolare del trattamento.<\/p>\n<p>Contatta il team di supporto di iFatture.com per utilizzare i nostri servizi. Scrivi a\u00a0<a href=\"mailto:%20help@ifatture.com\">help@ifatture.com<\/a><\/p>\n<!-- \/wp:paragraph -->\t\t\t\t\t\t<\/div>\n\t\t\t\t<\/div>\n\t\t\t\t\t<\/div>\n\t\t<\/div>\n\t\t\t\t\t\t\t<\/div>\n\t\t<\/section>\n\t\t\t\t<section class=\"elementor-section elementor-top-section elementor-element elementor-element-9dc54fb elementor-section-boxed elementor-section-height-default elementor-section-height-default\" data-id=\"9dc54fb\" data-element_type=\"section\">\n\t\t\t\t\t\t<div class=\"elementor-container elementor-column-gap-default\">\n\t\t\t\t\t<div class=\"elementor-column elementor-col-100 elementor-top-column elementor-element elementor-element-88452c8\" data-id=\"88452c8\" data-element_type=\"column\">\n\t\t\t<div class=\"elementor-widget-wrap elementor-element-populated\">\n\t\t\t\t\t\t\t\t<div class=\"elementor-element elementor-element-66fdf04 elementor-widget elementor-widget-text-editor\" data-id=\"66fdf04\" data-element_type=\"widget\" data-widget_type=\"text-editor.default\">\n\t\t\t\t<div class=\"elementor-widget-container\">\n\t\t\t\t\t\t\t<h2>Categorie di cookies<\/h2>\n<p><strong>Necessari<\/strong>: I cookie necessari sono assolutamente essenziali per il corretto funzionamento del sito Web. Questi cookie garantiscono le funzionalit\u00e0 di base e le caratteristiche di sicurezza del sito Web, in modo anonimo.<\/p>\n<p><b>Analitici<\/b>: I cookie analitici vengono utilizzati per capire come i visitatori interagiscono con il sito web. Questi cookie aiutano a fornire informazioni sulle metriche del numero di visitatori, frequenza di rimbalzo, fonte di traffico, ecc.<\/p>\n<p><b>Pubblicitari<\/b>: I cookie pubblicitari vengono utilizzati per fornire ai visitatori annunci e campagne di marketing pertinenti. Questi cookie tengono traccia dei visitatori sui siti Web e raccolgono informazioni per fornire annunci personalizzati.\u00a0<span style=\"color: var( --e-global-color-text ); font-family: var( --e-global-typography-text-font-family ); font-size: var( --e-global-typography-text-font-size ); font-style: var( --e-global-typography-text-font-style ); font-weight: var( --e-global-typography-text-font-weight ); letter-spacing: var( --e-global-typography-text-letter-spacing ); text-transform: var( --e-global-typography-text-text-transform );\">Le informazioni memorizzate in questi cookie possono essere utilizzate anche dai fornitori di annunci di terze parti per mostrarti annunci su altri siti Web anche sul browser.<\/span><\/p>\n<p><b>Funzionali<\/b>: I cookie funzionali aiutano a eseguire determinate funzionalit\u00e0 come condividere il contenuto del sito Web su piattaforme di social media, raccogliere feedback e altre funzionalit\u00e0 di terze parti.<\/p>\n<p><b>Prestazionali<\/b>: I cookie per le prestazioni vengono utilizzati per comprendere e analizzare gli indici di prestazioni chiave del sito Web che aiutano a fornire una migliore esperienza utente per i visitatori.<\/p>\n<p><b>Altri<\/b>:\u00a0Altri cookie non classificati sono quelli che vengono analizzati e non sono stati ancora classificati in una categoria.<\/p>\n<p>\u00a0<\/p>\n<p><a data-cc=\"c-settings\"><u>Esprimi le tue preferenze sui cookies<\/u><\/a><\/p>\t\t\t\t\t\t<\/div>\n\t\t\t\t<\/div>\n\t\t\t\t\t<\/div>\n\t\t<\/div>\n\t\t\t\t\t\t\t<\/div>\n\t\t<\/section>\n\t\t\t\t\t\t\t<\/div>\n\t\t","protected":false},"excerpt":{"rendered":"<p>Questa pagina ha lo scopo di descrivere le modalit\u00e0 di gestione del sito in riferimento al trattamento dei dati personali degli utenti visitatori che lo &hellip;<\/p>\n","protected":false},"author":1,"featured_media":0,"parent":0,"menu_order":0,"comment_status":"closed","ping_status":"closed","template":"","meta":{"footnotes":""},"aioseo_notices":[],"_links":{"self":[{"href":"https:\/\/www.ifatture.com\/it\/wp-json\/wp\/v2\/pages\/3"}],"collection":[{"href":"https:\/\/www.ifatture.com\/it\/wp-json\/wp\/v2\/pages"}],"about":[{"href":"https:\/\/www.ifatture.com\/it\/wp-json\/wp\/v2\/types\/page"}],"author":[{"embeddable":true,"href":"https:\/\/www.ifatture.com\/it\/wp-json\/wp\/v2\/users\/1"}],"replies":[{"embeddable":true,"href":"https:\/\/www.ifatture.com\/it\/wp-json\/wp\/v2\/comments?post=3"}],"version-history":[{"count":10,"href":"https:\/\/www.ifatture.com\/it\/wp-json\/wp\/v2\/pages\/3\/revisions"}],"predecessor-version":[{"id":500,"href":"https:\/\/www.ifatture.com\/it\/wp-json\/wp\/v2\/pages\/3\/revisions\/500"}],"wp:attachment":[{"href":"https:\/\/www.ifatture.com\/it\/wp-json\/wp\/v2\/media?parent=3"}],"curies":[{"name":"wp","href":"https:\/\/api.w.org\/{rel}","templated":true}]}}