{"id":506,"date":"2022-12-31T15:17:26","date_gmt":"2022-12-31T14:17:26","guid":{"rendered":"https:\/\/www.ifatture.com\/it\/?page_id=506"},"modified":"2023-01-02T13:25:11","modified_gmt":"2023-01-02T12:25:11","slug":"prestazioni","status":"publish","type":"page","link":"https:\/\/www.ifatture.com\/it\/guida-allutilizzo\/prestazioni\/","title":{"rendered":"Guida: Prestazioni"},"content":{"rendered":"\t\t<div data-elementor-type=\"wp-page\" data-elementor-id=\"506\" class=\"elementor elementor-506\">\n\t\t\t\t\t\t\t\t\t<section class=\"elementor-section elementor-top-section elementor-element elementor-element-9314e9d elementor-section-boxed elementor-section-height-default elementor-section-height-default\" data-id=\"9314e9d\" data-element_type=\"section\">\n\t\t\t\t\t\t<div class=\"elementor-container elementor-column-gap-default\">\n\t\t\t\t\t<div class=\"elementor-column elementor-col-100 elementor-top-column elementor-element elementor-element-a7732e3\" data-id=\"a7732e3\" data-element_type=\"column\">\n\t\t\t<div class=\"elementor-widget-wrap elementor-element-populated\">\n\t\t\t\t\t\t\t\t<div class=\"elementor-element elementor-element-6deb5bb elementor-align-right elementor-widget elementor-widget-button\" data-id=\"6deb5bb\" data-element_type=\"widget\" data-widget_type=\"button.default\">\n\t\t\t\t<div class=\"elementor-widget-container\">\n\t\t\t\t\t<div class=\"elementor-button-wrapper\">\n\t\t\t<a class=\"elementor-button elementor-button-link elementor-size-sm\" href=\"https:\/\/www.ifatture.com\/it\/guida-allutilizzo\">\n\t\t\t\t\t\t<span class=\"elementor-button-content-wrapper\">\n\t\t\t\t\t\t<span class=\"elementor-button-text\">Torna all'indice<\/span>\n\t\t<\/span>\n\t\t\t\t\t<\/a>\n\t\t<\/div>\n\t\t\t\t<\/div>\n\t\t\t\t<\/div>\n\t\t\t\t<div class=\"elementor-element elementor-element-80f9984 elementor-widget elementor-widget-text-editor\" data-id=\"80f9984\" data-element_type=\"widget\" data-widget_type=\"text-editor.default\">\n\t\t\t\t<div class=\"elementor-widget-container\">\n\t\t\t\t\t\t\t<p><span style=\"text-indent: 0em; color: var( --e-global-color-text ); text-align: inherit;\">Per definire le prestazioni che verranno utilizzate durante la creazione di una fattura bisogner\u00e0 entrare nella sezione <\/span><strong>Tabelle<span style=\"text-indent: 0em; color: var( --e-global-color-text ); text-align: inherit;\"> &gt; <\/span>Prestazioni<\/strong><span style=\"text-indent: 0em; color: var( --e-global-color-text ); text-align: inherit;\">: si possono modificare le voci presenti cliccando su una di esse oppure crearne di nuove cliccando su &#8220;Aggiungi nuovo&#8221;.<\/span><\/p><p><span style=\"color: var( --e-global-color-text ); font-family: var( --e-global-typography-text-font-family ), Sans-serif; font-weight: var( --e-global-typography-text-font-weight ); font-size: 1rem;\">Mediante il campo &#8220;Tipo Prestazione&#8221; \u00e8 possibile creare anche spese accessorie oppure spese anticipate con natura IVA N1.\u00a0<\/span><\/p><p>\u00c8 altres\u00ec possibile specificare la categoria di spesa TS da assegnare alla singola prestazione (se non \u00e8 specificata alcuna categoria TS allora la voce spesa non sar\u00e0 inviata al sistema TS assieme al resto del documento).<\/p>\t\t\t\t\t\t<\/div>\n\t\t\t\t<\/div>\n\t\t\t\t<div class=\"elementor-element elementor-element-bc5f27b elementor-widget elementor-widget-image\" data-id=\"bc5f27b\" data-element_type=\"widget\" data-widget_type=\"image.default\">\n\t\t\t\t<div class=\"elementor-widget-container\">\n\t\t\t\t\t\t\t\t\t\t\t\t<figure class=\"wp-caption\">\n\t\t\t\t\t\t\t\t\t\t\t<a href=\"https:\/\/www.ifatture.com\/it\/wp-content\/uploads\/2021\/11\/prestazioni.png\" data-elementor-open-lightbox=\"yes\" data-elementor-lightbox-title=\"Creazione prestazioni\" data-e-action-hash=\"#elementor-action%3Aaction%3Dlightbox%26settings%3DeyJpZCI6MzA4LCJ1cmwiOiJodHRwczpcL1wvd3d3LmlmYXR0dXJlLmNvbVwvaXRcL3dwLWNvbnRlbnRcL3VwbG9hZHNcLzIwMjFcLzExXC9wcmVzdGF6aW9uaS5wbmcifQ%3D%3D\">\n\t\t\t\t\t\t\t<img loading=\"lazy\" decoding=\"async\" width=\"1024\" height=\"480\" src=\"https:\/\/www.ifatture.com\/it\/wp-content\/uploads\/2021\/11\/prestazioni-1024x480.png\" class=\"attachment-large size-large wp-image-308\" alt=\"prestazioni\" srcset=\"https:\/\/www.ifatture.com\/it\/wp-content\/uploads\/2021\/11\/prestazioni-1024x480.png 1024w, https:\/\/www.ifatture.com\/it\/wp-content\/uploads\/2021\/11\/prestazioni-300x141.png 300w, https:\/\/www.ifatture.com\/it\/wp-content\/uploads\/2021\/11\/prestazioni-768x360.png 768w, https:\/\/www.ifatture.com\/it\/wp-content\/uploads\/2021\/11\/prestazioni-1536x720.png 1536w, https:\/\/www.ifatture.com\/it\/wp-content\/uploads\/2021\/11\/prestazioni-583x273.png 583w, https:\/\/www.ifatture.com\/it\/wp-content\/uploads\/2021\/11\/prestazioni.png 1888w\" sizes=\"(max-width: 1024px) 100vw, 1024px\" \/>\t\t\t\t\t\t\t\t<\/a>\n\t\t\t\t\t\t\t\t\t\t\t<figcaption class=\"widget-image-caption wp-caption-text\">Creazione Prestazioni<\/figcaption>\n\t\t\t\t\t\t\t\t\t\t<\/figure>\n\t\t\t\t\t\t\t\t\t<\/div>\n\t\t\t\t<\/div>\n\t\t\t\t<div class=\"elementor-element elementor-element-bb3a12f elementor-align-right elementor-widget elementor-widget-button\" data-id=\"bb3a12f\" data-element_type=\"widget\" data-widget_type=\"button.default\">\n\t\t\t\t<div class=\"elementor-widget-container\">\n\t\t\t\t\t<div class=\"elementor-button-wrapper\">\n\t\t\t<a class=\"elementor-button elementor-button-link elementor-size-sm\" href=\"https:\/\/www.ifatture.com\/it\/guida-allutilizzo\">\n\t\t\t\t\t\t<span class=\"elementor-button-content-wrapper\">\n\t\t\t\t\t\t<span class=\"elementor-button-text\">Torna all'indice<\/span>\n\t\t<\/span>\n\t\t\t\t\t<\/a>\n\t\t<\/div>\n\t\t\t\t<\/div>\n\t\t\t\t<\/div>\n\t\t\t\t\t<\/div>\n\t\t<\/div>\n\t\t\t\t\t\t\t<\/div>\n\t\t<\/section>\n\t\t\t\t\t\t\t<\/div>\n\t\t","protected":false},"excerpt":{"rendered":"<p>Torna all&#8217;indice Per definire le prestazioni che verranno utilizzate durante la creazione di una fattura bisogner\u00e0 entrare nella sezione Tabelle &gt; Prestazioni: si possono modificare &hellip;<\/p>\n","protected":false},"author":1,"featured_media":0,"parent":519,"menu_order":0,"comment_status":"closed","ping_status":"closed","template":"","meta":{"footnotes":""},"aioseo_notices":[],"_links":{"self":[{"href":"https:\/\/www.ifatture.com\/it\/wp-json\/wp\/v2\/pages\/506"}],"collection":[{"href":"https:\/\/www.ifatture.com\/it\/wp-json\/wp\/v2\/pages"}],"about":[{"href":"https:\/\/www.ifatture.com\/it\/wp-json\/wp\/v2\/types\/page"}],"author":[{"embeddable":true,"href":"https:\/\/www.ifatture.com\/it\/wp-json\/wp\/v2\/users\/1"}],"replies":[{"embeddable":true,"href":"https:\/\/www.ifatture.com\/it\/wp-json\/wp\/v2\/comments?post=506"}],"version-history":[{"count":21,"href":"https:\/\/www.ifatture.com\/it\/wp-json\/wp\/v2\/pages\/506\/revisions"}],"predecessor-version":[{"id":685,"href":"https:\/\/www.ifatture.com\/it\/wp-json\/wp\/v2\/pages\/506\/revisions\/685"}],"up":[{"embeddable":true,"href":"https:\/\/www.ifatture.com\/it\/wp-json\/wp\/v2\/pages\/519"}],"wp:attachment":[{"href":"https:\/\/www.ifatture.com\/it\/wp-json\/wp\/v2\/media?parent=506"}],"curies":[{"name":"wp","href":"https:\/\/api.w.org\/{rel}","templated":true}]}}